{"id":219,"date":"2024-04-20T21:13:39","date_gmt":"2024-04-20T21:13:39","guid":{"rendered":"https:\/\/peainformatica.com.br\/inicio\/?post_type=product&#038;p=219"},"modified":"2024-04-20T21:43:46","modified_gmt":"2024-04-20T21:43:46","slug":"apple-iphone-12-128-gb-branco","status":"publish","type":"product","link":"https:\/\/www.peainformatica.com.br\/inicio\/produto\/apple-iphone-12-128-gb-branco\/","title":{"rendered":"Apple iPhone 12 (128 GB) &#8211; Branco"},"content":{"rendered":"<table class=\"a-normal a-spacing-micro\">\n<tbody>\n<tr class=\"a-spacing-small po-brand\">\n<td class=\"a-span3\"><span class=\"a-size-base a-text-bold\">Marca<\/span><\/td>\n<td class=\"a-span9\"><span class=\"a-size-base po-break-word\">Apple<\/span><\/td>\n<\/tr>\n<tr class=\"a-spacing-small po-model_name\">\n<td class=\"a-span3\"><span class=\"a-size-base a-text-bold\">Nome do modelo<\/span><\/td>\n<td class=\"a-span9\"><span class=\"a-size-base po-break-word\">iPhone 12<\/span><\/td>\n<\/tr>\n<tr class=\"a-spacing-small po-wireless_provider\">\n<td class=\"a-span3\"><span class=\"a-size-base a-text-bold\">Operadora de celulares e tecnologia sem fio<\/span><\/td>\n<td class=\"a-span9\"><span class=\"a-size-base po-break-word\">Desbloqueado<\/span><\/td>\n<\/tr>\n<tr class=\"a-spacing-small po-operating_system\">\n<td class=\"a-span3\"><span class=\"a-size-base a-text-bold\">Sistema operacional<\/span><\/td>\n<td class=\"a-span9\"><span class=\"a-size-base po-break-word\">iOS 14<\/span><\/td>\n<\/tr>\n<tr class=\"a-spacing-small po-cellular_technology\">\n<td class=\"a-span3\"><span class=\"a-size-base a-text-bold\">Tecnologia celular<\/span><\/td>\n<td class=\"a-span9\"><span class=\"a-size-base po-break-word\">5G<\/span><\/td>\n<\/tr>\n<\/tbody>\n<\/table>\n","protected":false},"excerpt":{"rendered":"<h1 class=\"a-size-base-plus a-text-bold\">Sobre este item<\/h1>\n<ul class=\"a-unordered-list a-vertical a-spacing-mini\">\n<li class=\"a-spacing-mini\"><span class=\"a-list-item\">Tela Super Retina XDR de 6,1 polegadas<\/span><\/li>\n<li class=\"a-spacing-mini\"><span class=\"a-list-item\">Ceramic Shield. Mais resistente do que qualquer vidro de smartphone<\/span><\/li>\n<li class=\"a-spacing-mini\"><span class=\"a-list-item\">A14 Bionic, o processador mais r\u00e1pido de sempre num smartphone<\/span><\/li>\n<li class=\"a-spacing-mini\"><span class=\"a-list-item\">Sistema de c\u00e2mara dupla avan\u00e7ado de 12 MP (Ultra grande angular e Grande angular) com modo Noite, Deep Fusion, HDR inteligente 3, grava\u00e7\u00e3o em HDR 4K Dolby Vision<\/span><\/li>\n<li class=\"a-spacing-mini\"><span class=\"a-list-item\">C\u00e2mara frontal TrueDepth de 12 MP com modo Noite, grava\u00e7\u00e3o em HDR 4K Dolby Vision<\/span><\/li>\n<\/ul>\n","protected":false},"featured_media":220,"comment_status":"open","ping_status":"closed","template":"","meta":[],"product_brand":[],"product_cat":[28,31],"product_tag":[],"class_list":{"0":"post-219","1":"product","2":"type-product","3":"status-publish","4":"has-post-thumbnail","6":"product_cat-celular","7":"product_cat-promocao","9":"first","10":"instock","11":"sale","12":"shipping-taxable","13":"product-type-external"},"_links":{"self":[{"href":"https:\/\/www.peainformatica.com.br\/inicio\/wp-json\/wp\/v2\/product\/219","targetHints":{"allow":["GET"]}}],"collection":[{"href":"https:\/\/www.peainformatica.com.br\/inicio\/wp-json\/wp\/v2\/product"}],"about":[{"href":"https:\/\/www.peainformatica.com.br\/inicio\/wp-json\/wp\/v2\/types\/product"}],"replies":[{"embeddable":true,"href":"https:\/\/www.peainformatica.com.br\/inicio\/wp-json\/wp\/v2\/comments?post=219"}],"wp:featuredmedia":[{"embeddable":true,"href":"https:\/\/www.peainformatica.com.br\/inicio\/wp-json\/wp\/v2\/media\/220"}],"wp:attachment":[{"href":"https:\/\/www.peainformatica.com.br\/inicio\/wp-json\/wp\/v2\/media?parent=219"}],"wp:term":[{"taxonomy":"product_brand","embeddable":true,"href":"https:\/\/www.peainformatica.com.br\/inicio\/wp-json\/wp\/v2\/product_brand?post=219"},{"taxonomy":"product_cat","embeddable":true,"href":"https:\/\/www.peainformatica.com.br\/inicio\/wp-json\/wp\/v2\/product_cat?post=219"},{"taxonomy":"product_tag","embeddable":true,"href":"https:\/\/www.peainformatica.com.br\/inicio\/wp-json\/wp\/v2\/product_tag?post=219"}],"curies":[{"name":"wp","href":"https:\/\/api.w.org\/{rel}","templated":true}]}}