{"id":225,"date":"2024-04-20T21:19:51","date_gmt":"2024-04-20T21:19:51","guid":{"rendered":"https:\/\/peainformatica.com.br\/inicio\/?post_type=product&#038;p=225"},"modified":"2024-04-20T21:43:11","modified_gmt":"2024-04-20T21:43:11","slug":"epson-ecotank-l1250-impressora-tanque-de-tinta-colorida-wi-fi-direct-comando-de-voz-bivolt-cor-preto","status":"publish","type":"product","link":"https:\/\/www.peainformatica.com.br\/inicio\/produto\/epson-ecotank-l1250-impressora-tanque-de-tinta-colorida-wi-fi-direct-comando-de-voz-bivolt-cor-preto\/","title":{"rendered":"EPSON EcoTank L1250 &#8211; Impressora, tanque de Tinta Colorida, Wi-Fi Direct, Comando de voz, Bivolt, Cor: Preto"},"content":{"rendered":"<table class=\"a-normal a-spacing-micro\">\n<tbody>\n<tr class=\"a-spacing-small po-brand\">\n<td class=\"a-span3\"><span class=\"a-size-base a-text-bold\">Marca<\/span><\/td>\n<td class=\"a-span9\"><span class=\"a-size-base po-break-word\">EPSON<\/span><\/td>\n<\/tr>\n<tr class=\"a-spacing-small po-connectivity_technology\">\n<td class=\"a-span3\"><span class=\"a-size-base a-text-bold\">Tecnologia de conectividade<\/span><\/td>\n<td class=\"a-span9\"><span class=\"a-size-base po-break-word\">Wi-Fi<\/span><\/td>\n<\/tr>\n<tr class=\"a-spacing-small po-printer_technology\">\n<td class=\"a-span3\"><span class=\"a-size-base a-text-bold\">Tecnologia de impress\u00e3o<\/span><\/td>\n<td class=\"a-span9\"><span class=\"a-size-base po-break-word\">Jato de tinta<\/span><\/td>\n<\/tr>\n<tr class=\"a-spacing-small po-special_feature\">\n<td class=\"a-span3\"><span class=\"a-size-base a-text-bold\">Caracter\u00edsticas especiais<\/span><\/td>\n<td class=\"a-span9\"><span class=\"a-size-base po-break-word\">Dep\u00f3sito de tinta recarreg\u00e1vel<\/span><\/td>\n<\/tr>\n<tr class=\"a-spacing-small po-color\">\n<td class=\"a-span3\"><span class=\"a-size-base a-text-bold\">Cor<\/span><\/td>\n<td class=\"a-span9\"><span class=\"a-size-base po-break-word\">Preto<\/span><\/td>\n<\/tr>\n<tr class=\"a-spacing-small po-model_name\">\n<td class=\"a-span3\"><span class=\"a-size-base a-text-bold\">Nome do modelo<\/span><\/td>\n<td class=\"a-span9\"><span class=\"a-size-base po-break-word\">L1250<\/span><\/td>\n<\/tr>\n<tr class=\"a-spacing-small po-printer_output\">\n<td class=\"a-span3\"><span class=\"a-size-base a-text-bold\">Sa\u00edda da impressora<\/span><\/td>\n<td class=\"a-span9\"><span class=\"a-size-base po-break-word\">Colorido<\/span><\/td>\n<\/tr>\n<tr class=\"a-spacing-small po-max_printspeed_color\">\n<td class=\"a-span3\"><span class=\"a-size-base a-text-bold\">Velocidade m\u00e1xima de impress\u00e3o (cor)<\/span><\/td>\n<td class=\"a-span9\"><span class=\"a-size-base po-break-word\">15 ppm<\/span><\/td>\n<\/tr>\n<tr class=\"a-spacing-small po-max_printspeed_black_white\">\n<td class=\"a-span3\"><span class=\"a-size-base a-text-bold\">Velocidade m\u00e1xima de impress\u00e3o monocrom\u00e1tica<\/span><\/td>\n<td class=\"a-span9\"><span class=\"a-size-base po-break-word\">33 ppm<\/span><\/td>\n<\/tr>\n<tr class=\"a-spacing-small po-item_weight\">\n<td class=\"a-span3\"><span class=\"a-size-base a-text-bold\">Peso do produto<\/span><\/td>\n<td class=\"a-span9\"><span class=\"a-size-base po-break-word\">3,9 Quilogramas<\/span><\/td>\n<\/tr>\n<\/tbody>\n<\/table>\n","protected":false},"excerpt":{"rendered":"<h1 class=\"a-size-base-plus a-text-bold\">Sobre este item<\/h1>\n<ul class=\"a-unordered-list a-vertical a-spacing-mini\">\n<li class=\"a-spacing-mini\"><span class=\"a-list-item\">Impressora tanque de tinta<\/span><\/li>\n<li class=\"a-spacing-mini\"><span class=\"a-list-item\">Componentes inclu\u00eddos : Garrafas de tinta<\/span><\/li>\n<li class=\"a-spacing-mini\"><span class=\"a-list-item\">Velocidade de impress\u00e3o cor : 15.0 p\u00e1ginas por minuto<\/span><\/li>\n<li class=\"a-spacing-mini\"><span class=\"a-list-item\">Velocidade de impress\u00e3o preto-branco : 33.0 p\u00e1ginas por minuto<\/span><\/li>\n<li class=\"a-spacing-mini\"><span class=\"a-list-item\">OBSERVA\u00c7\u00c3O! A impressora possui a fun\u00e7\u00e3o \u201cscan\u201d atrav\u00e9s do aplicativo Epson Smart Panel! Painel inteligente Epson: Transforme seu dispositivo m\u00f3vel em um centro de comando de alto desempenho. O Epson Smart Panel permite-lhe controlar a sua impressora a partir de smartphones e tablets para que possa imprimir, copiar, digitalizar, ligar-se a Wi-Fi e resolver problemas diretamente atrav\u00e9s da aplica\u00e7\u00e3o<\/span><\/li>\n<\/ul>\n","protected":false},"featured_media":226,"comment_status":"open","ping_status":"closed","template":"","meta":[],"product_brand":[],"product_cat":[29,31],"product_tag":[],"class_list":{"0":"post-225","1":"product","2":"type-product","3":"status-publish","4":"has-post-thumbnail","6":"product_cat-impressora","7":"product_cat-promocao","9":"first","10":"instock","11":"sale","12":"shipping-taxable","13":"product-type-external"},"_links":{"self":[{"href":"https:\/\/www.peainformatica.com.br\/inicio\/wp-json\/wp\/v2\/product\/225","targetHints":{"allow":["GET"]}}],"collection":[{"href":"https:\/\/www.peainformatica.com.br\/inicio\/wp-json\/wp\/v2\/product"}],"about":[{"href":"https:\/\/www.peainformatica.com.br\/inicio\/wp-json\/wp\/v2\/types\/product"}],"replies":[{"embeddable":true,"href":"https:\/\/www.peainformatica.com.br\/inicio\/wp-json\/wp\/v2\/comments?post=225"}],"wp:featuredmedia":[{"embeddable":true,"href":"https:\/\/www.peainformatica.com.br\/inicio\/wp-json\/wp\/v2\/media\/226"}],"wp:attachment":[{"href":"https:\/\/www.peainformatica.com.br\/inicio\/wp-json\/wp\/v2\/media?parent=225"}],"wp:term":[{"taxonomy":"product_brand","embeddable":true,"href":"https:\/\/www.peainformatica.com.br\/inicio\/wp-json\/wp\/v2\/product_brand?post=225"},{"taxonomy":"product_cat","embeddable":true,"href":"https:\/\/www.peainformatica.com.br\/inicio\/wp-json\/wp\/v2\/product_cat?post=225"},{"taxonomy":"product_tag","embeddable":true,"href":"https:\/\/www.peainformatica.com.br\/inicio\/wp-json\/wp\/v2\/product_tag?post=225"}],"curies":[{"name":"wp","href":"https:\/\/api.w.org\/{rel}","templated":true}]}}