{"id":297,"date":"2024-05-23T15:32:06","date_gmt":"2024-05-23T15:32:06","guid":{"rendered":"https:\/\/peainformatica.com.br\/inicio\/?post_type=product&#038;p=297"},"modified":"2024-05-23T15:32:08","modified_gmt":"2024-05-23T15:32:08","slug":"fire-tv-stick-lite-streaming-em-full-hd-com-alexa-com-controle-remoto-lite-por-voz-com-alexa-sem-controles-de-tv","status":"publish","type":"product","link":"https:\/\/www.peainformatica.com.br\/inicio\/produto\/fire-tv-stick-lite-streaming-em-full-hd-com-alexa-com-controle-remoto-lite-por-voz-com-alexa-sem-controles-de-tv\/","title":{"rendered":"Fire TV Stick Lite | Streaming em Full HD com Alexa | Com Controle Remoto Lite por Voz com Alexa (sem controles de TV)"},"content":{"rendered":"<table class=\"a-bordered\">\n<tbody>\n<tr>\n<td><strong>Tamanho<\/strong><\/td>\n<td>86 mm x 30 mm x 13 mm<\/td>\n<\/tr>\n<tr>\n<td><strong>Peso<\/strong><\/td>\n<td>32 g<\/td>\n<\/tr>\n<tr>\n<td><strong>Processador<\/strong><\/td>\n<td>Quad-core 1.7 GHz<\/td>\n<\/tr>\n<tr>\n<td><strong>GPU<\/strong><\/td>\n<td>IMG GE8300<\/td>\n<\/tr>\n<tr>\n<td><strong>Mem\u00f3ria<\/strong><\/td>\n<td>8 GB (armazenamento destinado a conte\u00fado e sistema operacional)<\/td>\n<\/tr>\n<tr>\n<td><strong>Conectividade wifi<\/strong><\/td>\n<td>Wifi de duas bandas e duas antenas para um streaming veloz e com menos queda de conex\u00e3o. Compat\u00edvel com redes de wifi 802.11a\/b\/g\/n\/ac.<\/td>\n<\/tr>\n<tr>\n<td><strong>Bluetooth<\/strong><\/td>\n<td>Bluetooth 5.0 e Bluetooth Low Energy. Pareie com alto-falantes, fones de ouvido, controles de v\u00eddeo game e outros dispositivos com Bluetooth compat\u00edvel.<\/td>\n<\/tr>\n<tr>\n<td><strong>Suporte a recursos de voz<\/strong><\/td>\n<td>Pode ser controlado por voz com o Controle Remoto Lite por Voz com Alexa (inclu\u00eddo) ou com o aplicativo gratuito do Fire TV (dispon\u00edvel para Fire OS, Android e iOS).<\/td>\n<\/tr>\n<tr>\n<td><strong>Armazenamento em nuvem<\/strong><\/td>\n<td>Armazenamento em nuvem gratuito para conte\u00fados comprados pela Amazon.<\/td>\n<\/tr>\n<tr>\n<td><strong>Portas<\/strong><\/td>\n<td>Sa\u00edda HDMI; micro USB apenas para recarregar.<\/td>\n<\/tr>\n<tr>\n<td><strong>\u00c1udio<\/strong><\/td>\n<td>\u00c1udio HDMI com passagem de som Dolby Digital, Dolby Digital+, Dolby Atmos.<\/td>\n<\/tr>\n<tr>\n<td><strong>Formatos de v\u00eddeo compat\u00edveis<\/strong><\/td>\n<td>HDR 10, HDR10+, HLG, H.265, H.264, Vp9<\/td>\n<\/tr>\n<tr>\n<td><strong>Resolu\u00e7\u00f5es de sa\u00edda compat\u00edveis<\/strong><\/td>\n<td>1080p e 720p at\u00e9 60 fps<\/td>\n<\/tr>\n<tr>\n<td><strong>Requerimentos do sistema<\/strong><\/td>\n<td>Televis\u00e3o em alta defini\u00e7\u00e3o com entrada HDMI dispon\u00edvel, conex\u00e3o \u00e0 internet via wifi e uma tomada.<\/td>\n<\/tr>\n<tr>\n<td><strong>Compatibilidade com televisores<\/strong><\/td>\n<td>Televis\u00e3o de alta defini\u00e7\u00e3o com entrada HDMI e capacidade de 1080p ou 720p e 60\/50 Hz.<\/td>\n<\/tr>\n<\/tbody>\n<\/table>\n<div class=\"content-grid-row-wrapper \" data-lazy-loading-background-image=\"\">\n<div class=\"a-row\">\n<div class=\"a-column a-span12 block-content block-type-text textalign-center\">\n<div class=\"content-grid-block\">\n<h3>Controle Remoto Lite por Voz com Alexa (2\u00aa gera\u00e7\u00e3o)<\/h3>\n<\/div>\n<\/div>\n<\/div>\n<\/div>\n<div class=\"content-grid-row-wrapper \" data-lazy-loading-background-image=\"\">\n<div class=\"a-row\">\n<div class=\"a-column a-span6 block-content block-type-table textalign-left\">\n<div class=\"content-grid-block\">\n<table class=\"a-bordered\">\n<tbody>\n<tr>\n<td><strong>Tamanho<\/strong><\/td>\n<td>38 x 142 x 16 mm<\/td>\n<\/tr>\n<tr>\n<td><strong>Peso<\/strong><\/td>\n<td>44 g (sem baterias)<\/td>\n<\/tr>\n<tr>\n<td><strong>Bateria<\/strong><\/td>\n<td>Duas pilhas AAA (inclu\u00eddas)<\/td>\n<\/tr>\n<\/tbody>\n<\/table>\n<\/div>\n<\/div>\n<\/div>\n<\/div>\n","protected":false},"excerpt":{"rendered":"<ul class=\"a-unordered-list a-vertical a-spacing-mini\">\n<li class=\"a-spacing-mini\"><span class=\"a-list-item\">Fire TV com Alexa: aproveite streaming r\u00e1pido e em Full HD. Vem com o novo Controle Remoto Lite por Voz com Alexa (sem controles de TV).<\/span><\/li>\n<li class=\"a-spacing-mini\"><span class=\"a-list-item\">Mantenha o bot\u00e3o de voz pressionado e pe\u00e7a para Alexa para buscar e iniciar conte\u00fado facilmente no Prime Video, Netflix e YouTube.<\/span><\/li>\n<li class=\"a-spacing-mini\"><span class=\"a-list-item\">Fa\u00e7a streaming de mais de 250.000 filmes e epis\u00f3dios de s\u00e9ries. Assista aos seus conte\u00fados favoritos do Prime Video, Netflix, YouTube, Globoplay, Disney+, Max, Amazon Music, Spotify e muito mais. Tarifas de assinatura podem ser aplicadas.<\/span><\/li>\n<li class=\"a-spacing-mini\"><span class=\"a-list-item\">TV ao vivo e esportes com Globoplay + canais, PlayPlus, Sky+, Vivo Play, Claro TV+ e outros. Taxas de assinatura podem ser aplicadas.<\/span><\/li>\n<li class=\"a-spacing-mini\"><span class=\"a-list-item\">TV gr\u00e1tis: assista a conte\u00fados gratuitos com Pluto TV, VIX e Red Bull TV e conte\u00fados liberados com Globoplay.<\/span><\/li>\n<li class=\"a-spacing-mini\"><span class=\"a-list-item\">Ou\u00e7a m\u00fasica: Amazon Music, Spotify, Vevo e outros servi\u00e7os de streaming. Taxas de assinatura podem ser aplicadas.<\/span><\/li>\n<li class=\"a-spacing-mini\"><span class=\"a-list-item\">Simples e intuitivo. Acesse facilmente seus aplicativos e conte\u00fados favoritos atrav\u00e9s do In\u00edcio.<\/span><\/li>\n<\/ul>\n<div class=\"a-row a-expander-container a-expander-inline-container\">\n<div class=\"a-expander-content a-expander-extend-content a-expander-content-expanded\" aria-expanded=\"true\">\n<ul class=\"a-unordered-list a-vertical a-spacing-none\">\n<li class=\"a-spacing-mini\"><span class=\"a-list-item\">F\u00e1cil de configurar e discreto: conecte atr\u00e1s de sua televis\u00e3o, ligue a TV e conecte-se \u00e0 internet para configurar.<\/span><\/li>\n<li class=\"a-spacing-mini\"><span class=\"a-list-item\">Pareie seu Fire TV Stick Lite com um Echo para usar o controle de voz com m\u00e3os livres do seu Fire TV com Alexa.<\/span><\/li>\n<li class=\"a-spacing-mini\"><span class=\"a-list-item\">Controle sua casa inteligente &#8211; Pe\u00e7a para Alexa para acender as luzes, mostrar c\u00e2meras, tocar m\u00fasicas, informar a previs\u00e3o do tempo e mais.<\/span><\/li>\n<\/ul>\n<\/div>\n<\/div>\n","protected":false},"featured_media":293,"comment_status":"open","ping_status":"closed","template":"","meta":[],"product_brand":[],"product_cat":[32],"product_tag":[],"class_list":{"0":"post-297","1":"product","2":"type-product","3":"status-publish","4":"has-post-thumbnail","6":"product_cat-fire-tv","8":"first","9":"instock","10":"shipping-taxable","11":"product-type-external"},"_links":{"self":[{"href":"https:\/\/www.peainformatica.com.br\/inicio\/wp-json\/wp\/v2\/product\/297","targetHints":{"allow":["GET"]}}],"collection":[{"href":"https:\/\/www.peainformatica.com.br\/inicio\/wp-json\/wp\/v2\/product"}],"about":[{"href":"https:\/\/www.peainformatica.com.br\/inicio\/wp-json\/wp\/v2\/types\/product"}],"replies":[{"embeddable":true,"href":"https:\/\/www.peainformatica.com.br\/inicio\/wp-json\/wp\/v2\/comments?post=297"}],"wp:featuredmedia":[{"embeddable":true,"href":"https:\/\/www.peainformatica.com.br\/inicio\/wp-json\/wp\/v2\/media\/293"}],"wp:attachment":[{"href":"https:\/\/www.peainformatica.com.br\/inicio\/wp-json\/wp\/v2\/media?parent=297"}],"wp:term":[{"taxonomy":"product_brand","embeddable":true,"href":"https:\/\/www.peainformatica.com.br\/inicio\/wp-json\/wp\/v2\/product_brand?post=297"},{"taxonomy":"product_cat","embeddable":true,"href":"https:\/\/www.peainformatica.com.br\/inicio\/wp-json\/wp\/v2\/product_cat?post=297"},{"taxonomy":"product_tag","embeddable":true,"href":"https:\/\/www.peainformatica.com.br\/inicio\/wp-json\/wp\/v2\/product_tag?post=297"}],"curies":[{"name":"wp","href":"https:\/\/api.w.org\/{rel}","templated":true}]}}