{"id":327,"date":"2024-07-17T14:48:34","date_gmt":"2024-07-17T14:48:34","guid":{"rendered":"https:\/\/peainformatica.com.br\/inicio\/?post_type=product&#038;p=327"},"modified":"2024-07-17T14:48:34","modified_gmt":"2024-07-17T14:48:34","slug":"notebook-lenovo-ideapad-1i-i3-1215u-4gb-256gb-ssd-linux-15-6-82vys00600-cloud-grey","status":"publish","type":"product","link":"https:\/\/www.peainformatica.com.br\/inicio\/produto\/notebook-lenovo-ideapad-1i-i3-1215u-4gb-256gb-ssd-linux-15-6-82vys00600-cloud-grey\/","title":{"rendered":"Notebook Lenovo IdeaPad 1i i3-1215U 4GB 256GB SSD Linux 15.6&#8243; 82VYS00600 Cloud Grey"},"content":{"rendered":"<div class=\"a-row\">\n<div class=\"a-column a-span6\">\n<h2 class=\"a-size-medium a-spacing-small\">Detalhes t\u00e9cnicos<\/h2>\n<\/div>\n<\/div>\n<div class=\"a-expander-content a-expander-extend-content\" data-expanded=\"true\">\n<div class=\"a-row a-expander-container a-expander-inline-container\">\n<div class=\"a-expander-content a-expander-section-content a-section-expander-inner\" data-expanded=\"true\">\n<table id=\"productDetails_techSpec_section_1\" class=\"a-keyvalue prodDetTable\" role=\"presentation\">\n<tbody>\n<tr>\n<th class=\"a-color-secondary a-size-base prodDetSectionEntry\">Marca<\/th>\n<td class=\"a-size-base prodDetAttrValue\">\u200eLenovo<\/td>\n<\/tr>\n<tr>\n<th class=\"a-color-secondary a-size-base prodDetSectionEntry\">Fabricante<\/th>\n<td class=\"a-size-base prodDetAttrValue\">\u200eLenovo<\/td>\n<\/tr>\n<tr>\n<th class=\"a-color-secondary a-size-base prodDetSectionEntry\">S\u00e9rie<\/th>\n<td class=\"a-size-base prodDetAttrValue\">\u200eIdeapad 1<\/td>\n<\/tr>\n<tr>\n<th class=\"a-color-secondary a-size-base prodDetSectionEntry\">Cor<\/th>\n<td class=\"a-size-base prodDetAttrValue\">\u200eSilver<\/td>\n<\/tr>\n<tr>\n<th class=\"a-color-secondary a-size-base prodDetSectionEntry\">Formato<\/th>\n<td class=\"a-size-base prodDetAttrValue\">\u200eCompacto<\/td>\n<\/tr>\n<tr>\n<th class=\"a-color-secondary a-size-base prodDetSectionEntry\">Tamanho de tela vertical<\/th>\n<td class=\"a-size-base prodDetAttrValue\">\u200e15,6 Polegadas<\/td>\n<\/tr>\n<tr>\n<th class=\"a-color-secondary a-size-base prodDetSectionEntry\">Marca do processador<\/th>\n<td class=\"a-size-base prodDetAttrValue\">\u200eIntel<\/td>\n<\/tr>\n<tr>\n<th class=\"a-color-secondary a-size-base prodDetSectionEntry\">Tipo de processador<\/th>\n<td class=\"a-size-base prodDetAttrValue\">\u200eIntel Core i3<\/td>\n<\/tr>\n<tr>\n<th class=\"a-color-secondary a-size-base prodDetSectionEntry\">Velocidade do processador<\/th>\n<td class=\"a-size-base prodDetAttrValue\">\u200e1 GHz<\/td>\n<\/tr>\n<tr>\n<th class=\"a-color-secondary a-size-base prodDetSectionEntry\">N\u00famero de processadores<\/th>\n<td class=\"a-size-base prodDetAttrValue\">\u200e1<\/td>\n<\/tr>\n<tr>\n<th class=\"a-color-secondary a-size-base prodDetSectionEntry\">Tamanho da mem\u00f3ria externa<\/th>\n<td class=\"a-size-base prodDetAttrValue\">\u200e10 MB<\/td>\n<\/tr>\n<tr>\n<th class=\"a-color-secondary a-size-base prodDetSectionEntry\">Tamanho da mem\u00f3ria<\/th>\n<td class=\"a-size-base prodDetAttrValue\">\u200e4 GB<\/td>\n<\/tr>\n<tr>\n<th class=\"a-color-secondary a-size-base prodDetSectionEntry\">Tecnologia da mem\u00f3ria<\/th>\n<td class=\"a-size-base prodDetAttrValue\">\u200eDDR4<\/td>\n<\/tr>\n<tr>\n<th class=\"a-color-secondary a-size-base prodDetSectionEntry\">M\u00e1ximo de mem\u00f3ria compat\u00edvel<\/th>\n<td class=\"a-size-base prodDetAttrValue\">\u200e4 GB<\/td>\n<\/tr>\n<tr>\n<th class=\"a-color-secondary a-size-base prodDetSectionEntry\">Velocidade do rel\u00f3gio de mem\u00f3ria<\/th>\n<td class=\"a-size-base prodDetAttrValue\">\u200e2400 MHz<\/td>\n<\/tr>\n<tr>\n<th class=\"a-color-secondary a-size-base prodDetSectionEntry\">Tamanho do HD<\/th>\n<td class=\"a-size-base prodDetAttrValue\">\u200e256 GB<\/td>\n<\/tr>\n<tr>\n<th class=\"a-color-secondary a-size-base prodDetSectionEntry\">Tecnologia do HD<\/th>\n<td class=\"a-size-base prodDetAttrValue\">\u200eSSD<\/td>\n<\/tr>\n<tr>\n<th class=\"a-color-secondary a-size-base prodDetSectionEntry\">Interface do HD<\/th>\n<td class=\"a-size-base prodDetAttrValue\">\u200eSolid State<\/td>\n<\/tr>\n<tr>\n<th class=\"a-color-secondary a-size-base prodDetSectionEntry\">Detalhes do \u00e1udio<\/th>\n<td class=\"a-size-base prodDetAttrValue\">\u200eAlto-falantes<\/td>\n<\/tr>\n<tr>\n<th class=\"a-color-secondary a-size-base prodDetSectionEntry\">Marca do chipset de v\u00eddeo<\/th>\n<td class=\"a-size-base prodDetAttrValue\">\u200eIntel<\/td>\n<\/tr>\n<tr>\n<th class=\"a-color-secondary a-size-base prodDetSectionEntry\">Descri\u00e7\u00e3o da placa de v\u00eddeo<\/th>\n<td class=\"a-size-base prodDetAttrValue\">\u200eIntegrated<\/td>\n<\/tr>\n<tr>\n<th class=\"a-color-secondary a-size-base prodDetSectionEntry\">Tipo de mem\u00f3ria de v\u00eddeo<\/th>\n<td class=\"a-size-base prodDetAttrValue\">\u200eGDDR4<\/td>\n<\/tr>\n<tr>\n<th class=\"a-color-secondary a-size-base prodDetSectionEntry\">Interface da placa de v\u00eddeo<\/th>\n<td class=\"a-size-base prodDetAttrValue\">\u200eIntegrado<\/td>\n<\/tr>\n<tr>\n<th class=\"a-color-secondary a-size-base prodDetSectionEntry\">N\u00famero de portas USB 2.0<\/th>\n<td class=\"a-size-base prodDetAttrValue\">\u200e2<\/td>\n<\/tr>\n<tr>\n<th class=\"a-color-secondary a-size-base prodDetSectionEntry\">N\u00famero de portas USB 3.0<\/th>\n<td class=\"a-size-base prodDetAttrValue\">\u200e3<\/td>\n<\/tr>\n<tr>\n<th class=\"a-color-secondary a-size-base prodDetSectionEntry\">Pot\u00eancia em watts<\/th>\n<td class=\"a-size-base prodDetAttrValue\">\u200e40 watts<\/td>\n<\/tr>\n<tr>\n<th class=\"a-color-secondary a-size-base prodDetSectionEntry\">Dispositivo de armazenamento \u00f3ptico<\/th>\n<td class=\"a-size-base prodDetAttrValue\">\u200eCD-R<\/td>\n<\/tr>\n<tr>\n<th class=\"a-color-secondary a-size-base prodDetSectionEntry\">Fonte de alimenta\u00e7\u00e3o<\/th>\n<td class=\"a-size-base prodDetAttrValue\">\u200eac_dc<\/td>\n<\/tr>\n<tr>\n<th class=\"a-color-secondary a-size-base prodDetSectionEntry\">Sistema operacional<\/th>\n<td class=\"a-size-base prodDetAttrValue\">\u200eLinux<\/td>\n<\/tr>\n<tr>\n<th class=\"a-color-secondary a-size-base prodDetSectionEntry\">N\u00famero de unidades<\/th>\n<td class=\"a-size-base prodDetAttrValue\">\u200e4<\/td>\n<\/tr>\n<tr>\n<th class=\"a-color-secondary a-size-base prodDetSectionEntry\">Peso do produto<\/th>\n<td class=\"a-size-base prodDetAttrValue\">\u200e1,58 Kilograms<\/td>\n<\/tr>\n<tr>\n<th class=\"a-color-secondary a-size-base prodDetSectionEntry\">Dimens\u00f5es da embalagem<\/th>\n<td class=\"a-size-base prodDetAttrValue\">\u200e36 x 23,6 x 1,79 cm; 1,58 quilogramas<\/td>\n<\/tr>\n<tr>\n<th class=\"a-color-secondary a-size-base prodDetSectionEntry\">N\u00famero do modelo<\/th>\n<td class=\"a-size-base prodDetAttrValue\">\u200e82VYS00600<\/td>\n<\/tr>\n<tr>\n<th class=\"a-color-secondary a-size-base prodDetSectionEntry\">Funciona a bateria ou pilha?<\/th>\n<td class=\"a-size-base prodDetAttrValue\">\u200eN\u00e3o<\/td>\n<\/tr>\n<tr>\n<th class=\"a-color-secondary a-size-base prodDetSectionEntry\">EAN<\/th>\n<td class=\"a-size-base prodDetAttrValue\">\u200e0197532471788<\/td>\n<\/tr>\n<\/tbody>\n<\/table>\n<\/div>\n<\/div>\n<\/div>\n","protected":false},"excerpt":{"rendered":"<h2 class=\"a-size-base-plus a-text-bold\">Sobre este item<\/h2>\n<ul class=\"a-unordered-list a-vertical a-spacing-mini\">\n<li class=\"a-spacing-mini\"><span class=\"a-list-item\">Intel Core i3-1215U<\/span><\/li>\n<li class=\"a-spacing-mini\"><span class=\"a-list-item\">Linux<\/span><\/li>\n<li class=\"a-spacing-mini\"><span class=\"a-list-item\">4GB RAM<\/span><\/li>\n<\/ul>\n<table class=\"a-normal a-spacing-micro\">\n<tbody>\n<tr class=\"a-spacing-small po-brand\">\n<td class=\"a-span3\"><span class=\"a-size-base a-text-bold\">Marca<\/span><\/td>\n<td class=\"a-span9\"><span class=\"a-size-base po-break-word\">Lenovo<\/span><\/td>\n<\/tr>\n<tr class=\"a-spacing-small po-model_name\">\n<td class=\"a-span3\"><span class=\"a-size-base a-text-bold\">Nome do modelo<\/span><\/td>\n<td class=\"a-span9\"><span class=\"a-size-base po-break-word\">Ideapad 1<\/span><\/td>\n<\/tr>\n<tr class=\"a-spacing-small po-display.size\">\n<td class=\"a-span3\"><span class=\"a-size-base a-text-bold\">Tamanho da tela<\/span><\/td>\n<td class=\"a-span9\"><span class=\"a-size-base po-break-word\">15,6 Polegadas<\/span><\/td>\n<\/tr>\n<tr class=\"a-spacing-small po-color\">\n<td class=\"a-span3\"><span class=\"a-size-base a-text-bold\">Cor<\/span><\/td>\n<td class=\"a-span9\"><span class=\"a-size-base po-break-word\">Silver<\/span><\/td>\n<\/tr>\n<tr class=\"a-spacing-small po-hard_disk.size\">\n<td class=\"a-span3\"><span class=\"a-size-base a-text-bold\">Tamanho do disco r\u00edgido<\/span><\/td>\n<td class=\"a-span9\"><span class=\"a-size-base po-break-word\">256 GB<\/span><\/td>\n<\/tr>\n<tr class=\"a-spacing-small po-cpu_model.family\">\n<td class=\"a-span3\"><span class=\"a-size-base a-text-bold\">Modelo da CPU<\/span><\/td>\n<td class=\"a-span9\"><span class=\"a-size-base po-break-word\">Intel Core i3<\/span><\/td>\n<\/tr>\n<tr class=\"a-spacing-small po-ram_memory.installed_size\">\n<td class=\"a-span3\"><span class=\"a-size-base a-text-bold\">Tamanho instalado da mem\u00f3ria RAM<\/span><\/td>\n<td class=\"a-span9\"><span class=\"a-size-base po-break-word\">4 GB<\/span><\/td>\n<\/tr>\n<tr class=\"a-spacing-small po-operating_system\">\n<td class=\"a-span3\"><span class=\"a-size-base a-text-bold\">Sistema operacional<\/span><\/td>\n<td class=\"a-span9\"><span class=\"a-size-base po-break-word\">Linux<\/span><\/td>\n<\/tr>\n<tr class=\"a-spacing-small po-special_feature\">\n<td class=\"a-span3\"><span class=\"a-size-base a-text-bold\">Caracter\u00edsticas especiais<\/span><\/td>\n<td class=\"a-span9\"><span class=\"a-size-base po-break-word\">Compacto<\/span><\/td>\n<\/tr>\n<tr class=\"a-spacing-small po-graphics_description\">\n<td class=\"a-span3\"><span class=\"a-size-base a-text-bold\">Descri\u00e7\u00e3o da placa de v\u00eddeo<\/span><\/td>\n<td class=\"a-span9\"><span class=\"a-size-base po-break-word\">Integrated<\/span><\/td>\n<\/tr>\n<\/tbody>\n<\/table>\n","protected":false},"featured_media":328,"comment_status":"open","ping_status":"closed","template":"","meta":[],"product_brand":[],"product_cat":[24],"product_tag":[35,33],"class_list":{"0":"post-327","1":"product","2":"type-product","3":"status-publish","4":"has-post-thumbnail","6":"product_cat-notebook","7":"product_tag-lenovo","8":"product_tag-notebook","10":"first","11":"instock","12":"shipping-taxable","13":"product-type-external"},"_links":{"self":[{"href":"https:\/\/www.peainformatica.com.br\/inicio\/wp-json\/wp\/v2\/product\/327","targetHints":{"allow":["GET"]}}],"collection":[{"href":"https:\/\/www.peainformatica.com.br\/inicio\/wp-json\/wp\/v2\/product"}],"about":[{"href":"https:\/\/www.peainformatica.com.br\/inicio\/wp-json\/wp\/v2\/types\/product"}],"replies":[{"embeddable":true,"href":"https:\/\/www.peainformatica.com.br\/inicio\/wp-json\/wp\/v2\/comments?post=327"}],"wp:featuredmedia":[{"embeddable":true,"href":"https:\/\/www.peainformatica.com.br\/inicio\/wp-json\/wp\/v2\/media\/328"}],"wp:attachment":[{"href":"https:\/\/www.peainformatica.com.br\/inicio\/wp-json\/wp\/v2\/media?parent=327"}],"wp:term":[{"taxonomy":"product_brand","embeddable":true,"href":"https:\/\/www.peainformatica.com.br\/inicio\/wp-json\/wp\/v2\/product_brand?post=327"},{"taxonomy":"product_cat","embeddable":true,"href":"https:\/\/www.peainformatica.com.br\/inicio\/wp-json\/wp\/v2\/product_cat?post=327"},{"taxonomy":"product_tag","embeddable":true,"href":"https:\/\/www.peainformatica.com.br\/inicio\/wp-json\/wp\/v2\/product_tag?post=327"}],"curies":[{"name":"wp","href":"https:\/\/api.w.org\/{rel}","templated":true}]}}