{"id":99,"date":"2024-04-18T20:11:50","date_gmt":"2024-04-18T20:11:50","guid":{"rendered":"https:\/\/peainformatica.com.br\/inicio\/?post_type=product&#038;p=99"},"modified":"2024-04-18T20:11:53","modified_gmt":"2024-04-18T20:11:53","slug":"hd-ssd-kingston-sa400s37-480gb","status":"publish","type":"product","link":"https:\/\/www.peainformatica.com.br\/inicio\/produto\/hd-ssd-kingston-sa400s37-480gb\/","title":{"rendered":"HD SSD Kingston SA400S37 480GB"},"content":{"rendered":"<table class=\"a-normal a-spacing-micro\">\n<tbody>\n<tr class=\"a-spacing-small po-digital_storage_capacity\">\n<td class=\"a-span3\"><span class=\"a-size-base a-text-bold\">Capacidade de armazenamento digital<\/span><\/td>\n<td class=\"a-span9\"><span class=\"a-size-base po-break-word\">480 GB<\/span><\/td>\n<\/tr>\n<tr class=\"a-spacing-small po-connectivity_technology\">\n<td class=\"a-span3\"><span class=\"a-size-base a-text-bold\">Tecnologia de conectividade<\/span><\/td>\n<td class=\"a-span9\"><span class=\"a-size-base po-break-word\">SATA<\/span><\/td>\n<\/tr>\n<tr class=\"a-spacing-small po-brand\">\n<td class=\"a-span3\"><span class=\"a-size-base a-text-bold\">Marca<\/span><\/td>\n<td class=\"a-span9\"><span class=\"a-size-base po-break-word\">Kingston<\/span><\/td>\n<\/tr>\n<tr class=\"a-spacing-small po-special_feature\">\n<td class=\"a-span3\"><span class=\"a-size-base a-text-bold\">Caracter\u00edsticas especiais<\/span><\/td>\n<td class=\"a-span9\"><span class=\"a-size-base po-break-word\">Compact<\/span><\/td>\n<\/tr>\n<tr class=\"a-spacing-small po-hard_disk_form_factor\">\n<td class=\"a-span3\"><span class=\"a-size-base a-text-bold\">Fator de forma de disco r\u00edgido<\/span><\/td>\n<td class=\"a-span9\"><span class=\"a-size-base po-break-word\">2,5 Polegadas<\/span><\/td>\n<\/tr>\n<tr class=\"a-spacing-small po-compatible_devices\">\n<td class=\"a-span3\"><span class=\"a-size-base a-text-bold\">Dispositivos compat\u00edveis<\/span><\/td>\n<td class=\"a-span9\"><span class=\"a-size-base po-break-word\">Notebook<\/span><\/td>\n<\/tr>\n<tr class=\"a-spacing-small po-hard_disk.size\">\n<td class=\"a-span3\"><span class=\"a-size-base a-text-bold\">Tamanho do disco r\u00edgido<\/span><\/td>\n<td class=\"a-span9\"><span class=\"a-size-base po-break-word\">480 GB<\/span><\/td>\n<\/tr>\n<tr class=\"a-spacing-small po-read_speed\">\n<td class=\"a-span3\"><span class=\"a-size-base a-text-bold\">Velocidade de leitura<\/span><\/td>\n<td class=\"a-span9\"><span class=\"a-size-base po-break-word\">500 Megabytes Per Second<\/span><\/td>\n<\/tr>\n<tr class=\"a-spacing-small po-cache_memory.installed_size\">\n<td class=\"a-span3\"><span class=\"a-size-base a-text-bold\">Tamanho do cache<\/span><\/td>\n<td class=\"a-span9\"><span class=\"a-size-base po-break-word\">480<\/span><\/td>\n<\/tr>\n<tr class=\"a-spacing-small po-item_weight\">\n<td class=\"a-span3\"><span class=\"a-size-base a-text-bold\">Peso do produto<\/span><\/td>\n<td class=\"a-span9\"><span class=\"a-size-base po-break-word\">60 Gramas<\/span><\/td>\n<\/tr>\n<\/tbody>\n<\/table>\n","protected":false},"excerpt":{"rendered":"<h1 class=\"a-size-base-plus a-text-bold\">Sobre este item<\/h1>\n<ul class=\"a-unordered-list a-vertical a-spacing-mini\">\n<li class=\"a-spacing-mini\"><span class=\"a-list-item\">Desempenho at\u00e9 10x mais r\u00e1pido que um HD convencional, uma vez que n\u00e3o possui disco<\/span><\/li>\n<li class=\"a-spacing-mini\"><span class=\"a-list-item\">Pode ser transportado para qualquer lugar sem risco de perder seus arquivos e informa\u00e7\u00f5es<\/span><\/li>\n<li class=\"a-spacing-mini\"><span class=\"a-list-item\">Al\u00e9m de ter uma durabilidade maior ele exige menos energia para operar, aumentando a vida \u00fatil da bateria do seu notebook<\/span><\/li>\n<li class=\"a-spacing-mini\"><span class=\"a-list-item\">Capacidade 480GB<\/span><\/li>\n<li class=\"a-spacing-mini\"><span class=\"a-list-item\">Expectativa de vida \u00fatil 1 milh\u00e3o de horas<\/span><\/li>\n<\/ul>\n","protected":false},"featured_media":100,"comment_status":"open","ping_status":"closed","template":"","meta":[],"product_brand":[],"product_cat":[23],"product_tag":[],"class_list":{"0":"post-99","1":"product","2":"type-product","3":"status-publish","4":"has-post-thumbnail","6":"product_cat-armazenamento","8":"first","9":"instock","10":"shipping-taxable","11":"product-type-external"},"_links":{"self":[{"href":"https:\/\/www.peainformatica.com.br\/inicio\/wp-json\/wp\/v2\/product\/99","targetHints":{"allow":["GET"]}}],"collection":[{"href":"https:\/\/www.peainformatica.com.br\/inicio\/wp-json\/wp\/v2\/product"}],"about":[{"href":"https:\/\/www.peainformatica.com.br\/inicio\/wp-json\/wp\/v2\/types\/product"}],"replies":[{"embeddable":true,"href":"https:\/\/www.peainformatica.com.br\/inicio\/wp-json\/wp\/v2\/comments?post=99"}],"wp:featuredmedia":[{"embeddable":true,"href":"https:\/\/www.peainformatica.com.br\/inicio\/wp-json\/wp\/v2\/media\/100"}],"wp:attachment":[{"href":"https:\/\/www.peainformatica.com.br\/inicio\/wp-json\/wp\/v2\/media?parent=99"}],"wp:term":[{"taxonomy":"product_brand","embeddable":true,"href":"https:\/\/www.peainformatica.com.br\/inicio\/wp-json\/wp\/v2\/product_brand?post=99"},{"taxonomy":"product_cat","embeddable":true,"href":"https:\/\/www.peainformatica.com.br\/inicio\/wp-json\/wp\/v2\/product_cat?post=99"},{"taxonomy":"product_tag","embeddable":true,"href":"https:\/\/www.peainformatica.com.br\/inicio\/wp-json\/wp\/v2\/product_tag?post=99"}],"curies":[{"name":"wp","href":"https:\/\/api.w.org\/{rel}","templated":true}]}}